{"id":70,"date":"2023-04-29T15:24:25","date_gmt":"2023-04-29T15:24:25","guid":{"rendered":"https:\/\/saconcaholiday.com\/?page_id=70"},"modified":"2023-04-29T23:15:48","modified_gmt":"2023-04-29T23:15:48","slug":"news","status":"publish","type":"page","link":"https:\/\/saconcaholiday.com\/?page_id=70","title":{"rendered":"Servizi"},"content":{"rendered":"\n<h2 class=\"has-text-align-center wp-block-heading\">Servizi<\/h2>\n\n\n\n<p> <\/p>\n\n\n\n<h4 class=\"has-text-align-left wp-block-heading\">Parcheggio<\/h4>\n\n\n\n<p>Con un supplemento giornaliero potrai parcheggiare la tua macchina e\/o moto in un garage al coperto con previa prenotazione. Contattaci per maggiori dettagli.<\/p>\n\n\n\n<h4 class=\"has-text-align-left wp-block-heading\">Sicurezza e Salute<\/h4>\n\n\n\n<p class=\"has-text-align-left\">Sono disponibili i pagamenti elettronici. Mentre i nostri check-in e check-out sono sempre online senza nessun contatto.<\/p>\n\n\n\n<h4 class=\"has-text-align-left wp-block-heading\">Trasporto<\/h4>\n\n\n\n<p>La nostra struttura sta molto ben collegata con l&#8217;aeroporto, la citt\u00e0 \u00e9 fornita di un trenino dall&#8217;aeroporto alla stazioni treni che si trova a pochi  minuti da noi. Anche Il porto \u00e8 a pochi minuti di distanza. E&#8217; possibile prenotare un taxi da e per l&#8217;aeroporto con un costo extra. Contattaci per maggiori dettagli. <\/p>\n\n\n\n<h4 class=\"has-text-align-left wp-block-heading\">Cose da fare e luoghi da visitare<\/h4>\n\n\n\n<p class=\"has-text-align-center\">In lavorazione&#8230;&#8230;<\/p>\n","protected":false},"excerpt":{"rendered":"<p>Servizi Parcheggio Con un supplemento giornaliero potrai parcheggiare la tua macchina e\/o moto in un garage al coperto con previa prenotazione. Contattaci per maggiori dettagli. Sicurezza e Salute Sono disponibili i pagamenti elettronici. Mentre i nostri check-in e check-out sono sempre online senza nessun contatto. Trasporto La nostra struttura sta molto ben collegata con l&#8217;aeroporto,&#8230;<\/p>\n","protected":false},"author":1,"featured_media":0,"parent":0,"menu_order":0,"comment_status":"closed","ping_status":"closed","template":"","meta":{"_kad_post_transparent":"","_kad_post_title":"","_kad_post_layout":"","_kad_post_sidebar_id":"","_kad_post_content_style":"","_kad_post_vertical_padding":"","_kad_post_feature":"","_kad_post_feature_position":"","_kad_post_header":false,"_kad_post_footer":false,"footnotes":""},"class_list":["post-70","page","type-page","status-publish","hentry"],"_links":{"self":[{"href":"https:\/\/saconcaholiday.com\/index.php?rest_route=\/wp\/v2\/pages\/70","targetHints":{"allow":["GET"]}}],"collection":[{"href":"https:\/\/saconcaholiday.com\/index.php?rest_route=\/wp\/v2\/pages"}],"about":[{"href":"https:\/\/saconcaholiday.com\/index.php?rest_route=\/wp\/v2\/types\/page"}],"author":[{"embeddable":true,"href":"https:\/\/saconcaholiday.com\/index.php?rest_route=\/wp\/v2\/users\/1"}],"replies":[{"embeddable":true,"href":"https:\/\/saconcaholiday.com\/index.php?rest_route=%2Fwp%2Fv2%2Fcomments&post=70"}],"version-history":[{"count":8,"href":"https:\/\/saconcaholiday.com\/index.php?rest_route=\/wp\/v2\/pages\/70\/revisions"}],"predecessor-version":[{"id":162,"href":"https:\/\/saconcaholiday.com\/index.php?rest_route=\/wp\/v2\/pages\/70\/revisions\/162"}],"wp:attachment":[{"href":"https:\/\/saconcaholiday.com\/index.php?rest_route=%2Fwp%2Fv2%2Fmedia&parent=70"}],"curies":[{"name":"wp","href":"https:\/\/api.w.org\/{rel}","templated":true}]}}